{"id":83,"date":"2024-04-01T17:51:04","date_gmt":"2024-04-01T15:51:04","guid":{"rendered":"https:\/\/hippy-carnivoras-house.com\/?page_id=83"},"modified":"2025-09-02T07:25:42","modified_gmt":"2025-09-02T05:25:42","slug":"contacta","status":"publish","type":"page","link":"https:\/\/hippy-carnivoras-house.com\/plantas-carnivoras-barcelona-hippy-carnivoras-house\/contacta\/","title":{"rendered":"Contacta con Hippy Carn\u00edvoras House"},"content":{"rendered":"<div class='sp_global_notice'><\/div><div class='sp_global_notice'><\/div><div class='sp_global_notice'><\/div><div class='sp_global_notice'><\/div><div class='sp_global_notice'><\/div><div class='sp_global_notice'><\/div>\t\t<div data-elementor-type=\"wp-page\" data-elementor-id=\"83\" class=\"elementor elementor-83\">\n\t\t\t\t<div class=\"elementor-element elementor-element-83e2aa8 e-flex e-con-boxed wpr-particle-no wpr-jarallax-no wpr-parallax-no wpr-sticky-section-no e-con e-parent\" data-id=\"83e2aa8\" data-element_type=\"container\">\n\t\t\t\t\t<div class=\"e-con-inner\">\n\t\t\t\t<div class=\"elementor-element elementor-element-5d1a822 elementor-widget elementor-widget-google_maps\" data-id=\"5d1a822\" data-element_type=\"widget\" data-widget_type=\"google_maps.default\">\n\t\t\t\t<div class=\"elementor-widget-container\">\n\t\t\t\t\t\t\t<div class=\"elementor-custom-embed\">\n\t\t\t<iframe loading=\"lazy\"\n\t\t\t\t\tsrc=\"https:\/\/maps.google.com\/maps?q=Plantas%20Carnivoras%20en%20Barcelona%20Hippy%20Carnivoras%20House&#038;t=m&#038;z=15&#038;output=embed&#038;iwloc=near\"\n\t\t\t\t\ttitle=\"Plantas Carnivoras en Barcelona Hippy Carnivoras House\"\n\t\t\t\t\taria-label=\"Plantas Carnivoras en Barcelona Hippy Carnivoras House\"\n\t\t\t><\/iframe>\n\t\t<\/div>\n\t\t\t\t\t\t<\/div>\n\t\t\t\t<\/div>\n\t\t\t\t\t<\/div>\n\t\t\t\t<\/div>\n\t\t<div class=\"elementor-element elementor-element-44d765e8 e-flex e-con-boxed wpr-particle-no wpr-jarallax-no wpr-parallax-no wpr-sticky-section-no e-con e-parent\" data-id=\"44d765e8\" data-element_type=\"container\">\n\t\t\t\t\t<div class=\"e-con-inner\">\n\t\t\t\t<div class=\"elementor-element elementor-element-1d888a36 elementor-widget elementor-widget-text-editor\" data-id=\"1d888a36\" data-element_type=\"widget\" data-widget_type=\"text-editor.default\">\n\t\t\t\t<div class=\"elementor-widget-container\">\n\t\t\t\t\t\t\t\t\t\t\t\t\t\t\t\t\t<\/div>\n\t\t\t\t<\/div>\n\t\t\t\t\t<\/div>\n\t\t\t\t<\/div>\n\t\t<div class=\"elementor-element elementor-element-9bd2b17 e-grid e-con-boxed wpr-particle-no wpr-jarallax-no wpr-parallax-no wpr-sticky-section-no e-con e-parent\" data-id=\"9bd2b17\" data-element_type=\"container\">\n\t\t\t\t\t<div class=\"e-con-inner\">\n\t\t<div class=\"elementor-element elementor-element-c724f1a e-grid e-con-boxed wpr-particle-no wpr-jarallax-no wpr-parallax-no wpr-sticky-section-no e-con e-child\" data-id=\"c724f1a\" data-element_type=\"container\">\n\t\t\t\t\t<div class=\"e-con-inner\">\n\t\t\t\t<div class=\"elementor-element elementor-element-888d56a elementor-widget elementor-widget-wpforms\" data-id=\"888d56a\" data-element_type=\"widget\" data-widget_type=\"wpforms.default\">\n\t\t\t\t<div class=\"elementor-widget-container\">\n\t\t\t\t\t<style id=\"wpforms-css-vars-elementor-widget-888d56a\">\n\t\t\t\t.elementor-widget-wpforms.elementor-element-888d56a {\n\t\t\t\t--wpforms-button-background-color: #2CA74A;\n\n\t\t\t}\n\t\t\t<\/style><div class=\"wpforms-container wpforms-container-full wpforms-render-modern\" id=\"wpforms-1510\"><form id=\"wpforms-form-1510\" class=\"wpforms-validate wpforms-form wpforms-ajax-form\" data-formid=\"1510\" method=\"post\" enctype=\"multipart\/form-data\" action=\"\/plantas-carnivoras-barcelona-hippy-carnivoras-house\/wp-json\/wp\/v2\/pages\/83\" data-token=\"b1f3640c618a2c4da929603ecfcb6ded\" data-token-time=\"1778250523\"><noscript class=\"wpforms-error-noscript\">Por favor, activa JavaScript en tu navegador para completar este formulario.<\/noscript><div class=\"wpforms-hidden\" id=\"wpforms-error-noscript\">Por favor, activa JavaScript en tu navegador para completar este formulario.<\/div><div class=\"wpforms-field-container\"><div id=\"wpforms-1510-field_0-container\" class=\"wpforms-field wpforms-field-name\" data-field-id=\"0\"><fieldset><legend class=\"wpforms-field-label\">Nombre <span class=\"wpforms-required-label\" aria-hidden=\"true\">*<\/span><\/legend><div class=\"wpforms-field-row wpforms-field-medium\"><div class=\"wpforms-field-row-block wpforms-first wpforms-one-half\"><input type=\"text\" id=\"wpforms-1510-field_0\" class=\"wpforms-field-name-first wpforms-field-required\" name=\"wpforms[fields][0][first]\" aria-errormessage=\"wpforms-1510-field_0-error\" required><label for=\"wpforms-1510-field_0\" class=\"wpforms-field-sublabel after\">Nombre<\/label><\/div><div class=\"wpforms-field-row-block wpforms-one-half\"><input type=\"text\" id=\"wpforms-1510-field_0-last\" class=\"wpforms-field-name-last wpforms-field-required\" name=\"wpforms[fields][0][last]\" aria-errormessage=\"wpforms-1510-field_0-last-error\" required><label for=\"wpforms-1510-field_0-last\" class=\"wpforms-field-sublabel after\">Apellidos<\/label><\/div><\/div><\/fieldset><\/div><div id=\"wpforms-1510-field_1-container\" class=\"wpforms-field wpforms-field-email\" data-field-id=\"1\"><label class=\"wpforms-field-label\" for=\"wpforms-1510-field_1\">Correo electr\u00f3nico <span class=\"wpforms-required-label\" aria-hidden=\"true\">*<\/span><\/label><input type=\"email\" id=\"wpforms-1510-field_1\" class=\"wpforms-field-medium wpforms-field-required\" name=\"wpforms[fields][1]\" spellcheck=\"false\" aria-errormessage=\"wpforms-1510-field_1-error\" required><\/div><div id=\"wpforms-1510-field_2-container\" class=\"wpforms-field wpforms-field-textarea\" data-field-id=\"2\"><label class=\"wpforms-field-label\" for=\"wpforms-1510-field_2\">Comentario o mensaje<\/label><textarea id=\"wpforms-1510-field_2\" class=\"wpforms-field-medium\" name=\"wpforms[fields][2]\" aria-errormessage=\"wpforms-1510-field_2-error\" ><\/textarea><\/div><\/div><!-- .wpforms-field-container -->\r\n\t\t\t<script>\r\n\t\t\tif ( typeof huOptions !== 'undefined' ) {\r\n\t\t\t\tvar huFormData = {\"source\":\"wpforms\",\"id\":1510,\"title\":\"Formulario de contacto simple\",\"fields\":{\"subject\":{\"first_name\":\"\",\"last_name\":\"\"}}};\r\n\t\t\t\tvar huFormNode = document.querySelector( '[id=\"wpforms-1510\"] form' );\r\n\r\n\t\t\t\tvar firstName = huFormNode.querySelector( 'input.wpforms-field-name-first' );\r\n\t\t\t\tvar lastName = huFormNode.querySelector( 'input.wpforms-field-name-last' );\r\n\r\n\t\t\t\tif ( firstName )\r\n\t\t\t\t\thuFormData['fields']['subject']['first_name'] = firstName.getAttribute( 'name' );\r\n\r\n\t\t\t\tif ( lastName )\r\n\t\t\t\t\thuFormData['fields']['subject']['last_name'] = lastName.getAttribute( 'name' );\r\n\r\n\t\t\t\thuFormData['node'] = huFormNode;\r\n\t\t\t\thuOptions['forms'].push( huFormData );\r\n\t\t\t}\r\n\t\t\t<\/script><div class=\"wpforms-submit-container\" ><input type=\"hidden\" name=\"wpforms[id]\" value=\"1510\"><input type=\"hidden\" name=\"page_title\" value=\"\"><input type=\"hidden\" name=\"page_url\" value=\"https:\/\/hippy-carnivoras-house.com\/plantas-carnivoras-barcelona-hippy-carnivoras-house\/wp-json\/wp\/v2\/pages\/83\"><input type=\"hidden\" name=\"url_referer\" value=\"\"><button type=\"submit\" name=\"wpforms[submit]\" id=\"wpforms-submit-1510\" class=\"wpforms-submit\" data-alt-text=\"Enviando...\" data-submit-text=\"Enviar\" aria-live=\"assertive\" value=\"wpforms-submit\">Enviar<\/button><img decoding=\"async\" src=\"https:\/\/hippy-carnivoras-house.com\/wp-content\/plugins\/wpforms-lite\/assets\/images\/submit-spin.svg\" class=\"wpforms-submit-spinner\" style=\"display: none;\" width=\"26\" height=\"26\" alt=\"Cargando\"><\/div><\/form><\/div>  <!-- .wpforms-container -->\t\t\t\t<\/div>\n\t\t\t\t<\/div>\n\t\t\t\t\t<\/div>\n\t\t\t\t<\/div>\n\t\t\t\t<div class=\"elementor-element elementor-element-9dec491 elementor-widget__width-initial elementor-widget elementor-widget-text-editor\" data-id=\"9dec491\" data-element_type=\"widget\" data-widget_type=\"text-editor.default\">\n\t\t\t\t<div class=\"elementor-widget-container\">\n\t\t\t\t\t\t\t\t\t<h3>Nos encontrar\u00e1s en:<\/h3>\n<p class=\"contacto\"><strong>Torrent de Can Mariner<\/strong>,<strong> 8<\/strong>, <strong>Horta-Guinard\u00f3<\/strong>, <strong>08031<\/strong> <strong>Barcelona<\/strong><\/p>\n<p><strong>Horario:<\/strong><\/p>\n<p><strong>De Lunes a Viernes\u00a0<\/strong><\/p>\n<p><strong>10:00\u201314:00<\/strong><\/p>\n<p><strong>17:00\u201320:00<\/strong><\/p>\n<p><strong>tel\u00e9fono: 625051503<\/strong><\/p>\n<p><strong>Tambi\u00e9n si lo deseas puedes ponerte en contacto con nosotros a traves de este formulario.<\/strong><\/p>\t\t\t\t\t\t\t\t<\/div>\n\t\t\t\t<\/div>\n\t\t\t\t\t<\/div>\n\t\t\t\t<\/div>\n\t\t\t\t<\/div>\n\t\t","protected":false},"excerpt":{"rendered":"<p>Por favor, activa JavaScript en tu navegador para completar este formulario.Por favor, activa JavaScript en tu navegador para completar este formulario. Nombre * NombreApellidos Correo electr\u00f3nico *Comentario o mensaje Enviar Nos encontrar\u00e1s en: Torrent de Can Mariner, 8, Horta-Guinard\u00f3, 08031 Barcelona Horario: De Lunes a Viernes\u00a0 10:00\u201314:00 17:00\u201320:00 tel\u00e9fono: 625051503 Tambi\u00e9n si lo deseas puedes ponerte en contacto con nosotros a traves de este formulario.<\/p>\n","protected":false},"author":1,"featured_media":0,"parent":0,"menu_order":0,"comment_status":"closed","ping_status":"closed","template":"","meta":{"_eb_attr":"","footnotes":""},"class_list":["post-83","page","type-page","status-publish","hentry"],"yoast_head":"<!-- This site is optimized with the Yoast SEO plugin v25.5 - https:\/\/yoast.com\/wordpress\/plugins\/seo\/ -->\n<title>Contacto \u2013 Hippy Carn\u00edvoras House, tienda en Barcelona<\/title>\n<meta name=\"description\" content=\"\u00bfTienes dudas o quieres comprar plantas o productos para plantas carn\u00edvoras? Cont\u00e1ctanos y recibe asesoramiento personalizado en Barcelona.\" \/>\n<meta name=\"robots\" content=\"index, follow, max-snippet:-1, max-image-preview:large, max-video-preview:-1\" \/>\n<link rel=\"canonical\" href=\"https:\/\/hippy-carnivoras-house.com\/plantas-carnivoras-barcelona-hippy-carnivoras-house\/contacta\/\" \/>\n<meta property=\"og:locale\" content=\"es_ES\" \/>\n<meta property=\"og:type\" content=\"article\" \/>\n<meta property=\"og:title\" content=\"Contacto \u2013 Hippy Carn\u00edvoras House, tienda en Barcelona\" \/>\n<meta property=\"og:description\" content=\"\u00bfTienes dudas o quieres comprar plantas o productos para plantas carn\u00edvoras? Cont\u00e1ctanos y recibe asesoramiento personalizado en Barcelona.\" \/>\n<meta property=\"og:url\" content=\"https:\/\/hippy-carnivoras-house.com\/plantas-carnivoras-barcelona-hippy-carnivoras-house\/contacta\/\" \/>\n<meta property=\"og:site_name\" content=\"Plantas carnivoras en Barcelona Hippy Carnivoras House\" \/>\n<meta property=\"article:modified_time\" content=\"2025-09-02T05:25:42+00:00\" \/>\n<meta property=\"og:image\" content=\"https:\/\/hippy-carnivoras-house.com\/wp-content\/plugins\/wpforms-lite\/assets\/images\/submit-spin.svg\" \/>\n<meta name=\"twitter:card\" content=\"summary_large_image\" \/>\n<meta name=\"twitter:label1\" content=\"Tiempo de lectura\" \/>\n\t<meta name=\"twitter:data1\" content=\"1 minuto\" \/>\n<script type=\"application\/ld+json\" class=\"yoast-schema-graph\">{\"@context\":\"https:\/\/schema.org\",\"@graph\":[{\"@type\":\"WebPage\",\"@id\":\"https:\/\/hippy-carnivoras-house.com\/plantas-carnivoras-barcelona-hippy-carnivoras-house\/contacta\/\",\"url\":\"https:\/\/hippy-carnivoras-house.com\/plantas-carnivoras-barcelona-hippy-carnivoras-house\/contacta\/\",\"name\":\"Contacto \u2013 Hippy Carn\u00edvoras House, tienda en Barcelona\",\"isPartOf\":{\"@id\":\"https:\/\/hippy-carnivoras-house.com\/plantas-carnivoras-barcelona-hippy-carnivoras-house\/#website\"},\"primaryImageOfPage\":{\"@id\":\"https:\/\/hippy-carnivoras-house.com\/plantas-carnivoras-barcelona-hippy-carnivoras-house\/contacta\/#primaryimage\"},\"image\":{\"@id\":\"https:\/\/hippy-carnivoras-house.com\/plantas-carnivoras-barcelona-hippy-carnivoras-house\/contacta\/#primaryimage\"},\"thumbnailUrl\":\"https:\/\/hippy-carnivoras-house.com\/wp-content\/plugins\/wpforms-lite\/assets\/images\/submit-spin.svg\",\"datePublished\":\"2024-04-01T15:51:04+00:00\",\"dateModified\":\"2025-09-02T05:25:42+00:00\",\"description\":\"\u00bfTienes dudas o quieres comprar plantas o productos para plantas carn\u00edvoras? Cont\u00e1ctanos y recibe asesoramiento personalizado en Barcelona.\",\"breadcrumb\":{\"@id\":\"https:\/\/hippy-carnivoras-house.com\/plantas-carnivoras-barcelona-hippy-carnivoras-house\/contacta\/#breadcrumb\"},\"inLanguage\":\"es\",\"potentialAction\":[{\"@type\":\"ReadAction\",\"target\":[\"https:\/\/hippy-carnivoras-house.com\/plantas-carnivoras-barcelona-hippy-carnivoras-house\/contacta\/\"]}]},{\"@type\":\"ImageObject\",\"inLanguage\":\"es\",\"@id\":\"https:\/\/hippy-carnivoras-house.com\/plantas-carnivoras-barcelona-hippy-carnivoras-house\/contacta\/#primaryimage\",\"url\":\"https:\/\/hippy-carnivoras-house.com\/wp-content\/plugins\/wpforms-lite\/assets\/images\/submit-spin.svg\",\"contentUrl\":\"https:\/\/hippy-carnivoras-house.com\/wp-content\/plugins\/wpforms-lite\/assets\/images\/submit-spin.svg\"},{\"@type\":\"BreadcrumbList\",\"@id\":\"https:\/\/hippy-carnivoras-house.com\/plantas-carnivoras-barcelona-hippy-carnivoras-house\/contacta\/#breadcrumb\",\"itemListElement\":[{\"@type\":\"ListItem\",\"position\":1,\"name\":\"Portada\",\"item\":\"https:\/\/hippy-carnivoras-house.com\/plantas-carnivoras-barcelona-hippy-carnivoras-house\/\"},{\"@type\":\"ListItem\",\"position\":2,\"name\":\"Contacta con Hippy Carn\u00edvoras House\"}]},{\"@type\":\"WebSite\",\"@id\":\"https:\/\/hippy-carnivoras-house.com\/plantas-carnivoras-barcelona-hippy-carnivoras-house\/#website\",\"url\":\"https:\/\/hippy-carnivoras-house.com\/plantas-carnivoras-barcelona-hippy-carnivoras-house\/\",\"name\":\"Hippy Carnivoras House\",\"description\":\"\",\"publisher\":{\"@id\":\"https:\/\/hippy-carnivoras-house.com\/plantas-carnivoras-barcelona-hippy-carnivoras-house\/#organization\"},\"alternateName\":\"HCH\",\"potentialAction\":[{\"@type\":\"SearchAction\",\"target\":{\"@type\":\"EntryPoint\",\"urlTemplate\":\"https:\/\/hippy-carnivoras-house.com\/plantas-carnivoras-barcelona-hippy-carnivoras-house\/?s={search_term_string}\"},\"query-input\":{\"@type\":\"PropertyValueSpecification\",\"valueRequired\":true,\"valueName\":\"search_term_string\"}}],\"inLanguage\":\"es\"},{\"@type\":\"Organization\",\"@id\":\"https:\/\/hippy-carnivoras-house.com\/plantas-carnivoras-barcelona-hippy-carnivoras-house\/#organization\",\"name\":\"Hippy Carnivoras House\",\"url\":\"https:\/\/hippy-carnivoras-house.com\/plantas-carnivoras-barcelona-hippy-carnivoras-house\/\",\"logo\":{\"@type\":\"ImageObject\",\"inLanguage\":\"es\",\"@id\":\"https:\/\/hippy-carnivoras-house.com\/plantas-carnivoras-barcelona-hippy-carnivoras-house\/#\/schema\/logo\/image\/\",\"url\":\"https:\/\/hippy-carnivoras-house.com\/wp-content\/uploads\/2024\/06\/cropped-cropped-Asset-2-1.png\",\"contentUrl\":\"https:\/\/hippy-carnivoras-house.com\/wp-content\/uploads\/2024\/06\/cropped-cropped-Asset-2-1.png\",\"width\":843,\"height\":331,\"caption\":\"Hippy Carnivoras House\"},\"image\":{\"@id\":\"https:\/\/hippy-carnivoras-house.com\/plantas-carnivoras-barcelona-hippy-carnivoras-house\/#\/schema\/logo\/image\/\"}}]}<\/script>\n<!-- \/ Yoast SEO plugin. -->","yoast_head_json":{"title":"Contacto \u2013 Hippy Carn\u00edvoras House, tienda en Barcelona","description":"\u00bfTienes dudas o quieres comprar plantas o productos para plantas carn\u00edvoras? Cont\u00e1ctanos y recibe asesoramiento personalizado en Barcelona.","robots":{"index":"index","follow":"follow","max-snippet":"max-snippet:-1","max-image-preview":"max-image-preview:large","max-video-preview":"max-video-preview:-1"},"canonical":"https:\/\/hippy-carnivoras-house.com\/plantas-carnivoras-barcelona-hippy-carnivoras-house\/contacta\/","og_locale":"es_ES","og_type":"article","og_title":"Contacto \u2013 Hippy Carn\u00edvoras House, tienda en Barcelona","og_description":"\u00bfTienes dudas o quieres comprar plantas o productos para plantas carn\u00edvoras? Cont\u00e1ctanos y recibe asesoramiento personalizado en Barcelona.","og_url":"https:\/\/hippy-carnivoras-house.com\/plantas-carnivoras-barcelona-hippy-carnivoras-house\/contacta\/","og_site_name":"Plantas carnivoras en Barcelona Hippy Carnivoras House","article_modified_time":"2025-09-02T05:25:42+00:00","og_image":[{"url":"https:\/\/hippy-carnivoras-house.com\/wp-content\/plugins\/wpforms-lite\/assets\/images\/submit-spin.svg","type":"","width":"","height":""}],"twitter_card":"summary_large_image","twitter_misc":{"Tiempo de lectura":"1 minuto"},"schema":{"@context":"https:\/\/schema.org","@graph":[{"@type":"WebPage","@id":"https:\/\/hippy-carnivoras-house.com\/plantas-carnivoras-barcelona-hippy-carnivoras-house\/contacta\/","url":"https:\/\/hippy-carnivoras-house.com\/plantas-carnivoras-barcelona-hippy-carnivoras-house\/contacta\/","name":"Contacto \u2013 Hippy Carn\u00edvoras House, tienda en Barcelona","isPartOf":{"@id":"https:\/\/hippy-carnivoras-house.com\/plantas-carnivoras-barcelona-hippy-carnivoras-house\/#website"},"primaryImageOfPage":{"@id":"https:\/\/hippy-carnivoras-house.com\/plantas-carnivoras-barcelona-hippy-carnivoras-house\/contacta\/#primaryimage"},"image":{"@id":"https:\/\/hippy-carnivoras-house.com\/plantas-carnivoras-barcelona-hippy-carnivoras-house\/contacta\/#primaryimage"},"thumbnailUrl":"https:\/\/hippy-carnivoras-house.com\/wp-content\/plugins\/wpforms-lite\/assets\/images\/submit-spin.svg","datePublished":"2024-04-01T15:51:04+00:00","dateModified":"2025-09-02T05:25:42+00:00","description":"\u00bfTienes dudas o quieres comprar plantas o productos para plantas carn\u00edvoras? Cont\u00e1ctanos y recibe asesoramiento personalizado en Barcelona.","breadcrumb":{"@id":"https:\/\/hippy-carnivoras-house.com\/plantas-carnivoras-barcelona-hippy-carnivoras-house\/contacta\/#breadcrumb"},"inLanguage":"es","potentialAction":[{"@type":"ReadAction","target":["https:\/\/hippy-carnivoras-house.com\/plantas-carnivoras-barcelona-hippy-carnivoras-house\/contacta\/"]}]},{"@type":"ImageObject","inLanguage":"es","@id":"https:\/\/hippy-carnivoras-house.com\/plantas-carnivoras-barcelona-hippy-carnivoras-house\/contacta\/#primaryimage","url":"https:\/\/hippy-carnivoras-house.com\/wp-content\/plugins\/wpforms-lite\/assets\/images\/submit-spin.svg","contentUrl":"https:\/\/hippy-carnivoras-house.com\/wp-content\/plugins\/wpforms-lite\/assets\/images\/submit-spin.svg"},{"@type":"BreadcrumbList","@id":"https:\/\/hippy-carnivoras-house.com\/plantas-carnivoras-barcelona-hippy-carnivoras-house\/contacta\/#breadcrumb","itemListElement":[{"@type":"ListItem","position":1,"name":"Portada","item":"https:\/\/hippy-carnivoras-house.com\/plantas-carnivoras-barcelona-hippy-carnivoras-house\/"},{"@type":"ListItem","position":2,"name":"Contacta con Hippy Carn\u00edvoras House"}]},{"@type":"WebSite","@id":"https:\/\/hippy-carnivoras-house.com\/plantas-carnivoras-barcelona-hippy-carnivoras-house\/#website","url":"https:\/\/hippy-carnivoras-house.com\/plantas-carnivoras-barcelona-hippy-carnivoras-house\/","name":"Hippy Carnivoras House","description":"","publisher":{"@id":"https:\/\/hippy-carnivoras-house.com\/plantas-carnivoras-barcelona-hippy-carnivoras-house\/#organization"},"alternateName":"HCH","potentialAction":[{"@type":"SearchAction","target":{"@type":"EntryPoint","urlTemplate":"https:\/\/hippy-carnivoras-house.com\/plantas-carnivoras-barcelona-hippy-carnivoras-house\/?s={search_term_string}"},"query-input":{"@type":"PropertyValueSpecification","valueRequired":true,"valueName":"search_term_string"}}],"inLanguage":"es"},{"@type":"Organization","@id":"https:\/\/hippy-carnivoras-house.com\/plantas-carnivoras-barcelona-hippy-carnivoras-house\/#organization","name":"Hippy Carnivoras House","url":"https:\/\/hippy-carnivoras-house.com\/plantas-carnivoras-barcelona-hippy-carnivoras-house\/","logo":{"@type":"ImageObject","inLanguage":"es","@id":"https:\/\/hippy-carnivoras-house.com\/plantas-carnivoras-barcelona-hippy-carnivoras-house\/#\/schema\/logo\/image\/","url":"https:\/\/hippy-carnivoras-house.com\/wp-content\/uploads\/2024\/06\/cropped-cropped-Asset-2-1.png","contentUrl":"https:\/\/hippy-carnivoras-house.com\/wp-content\/uploads\/2024\/06\/cropped-cropped-Asset-2-1.png","width":843,"height":331,"caption":"Hippy Carnivoras House"},"image":{"@id":"https:\/\/hippy-carnivoras-house.com\/plantas-carnivoras-barcelona-hippy-carnivoras-house\/#\/schema\/logo\/image\/"}}]}},"_links":{"self":[{"href":"https:\/\/hippy-carnivoras-house.com\/plantas-carnivoras-barcelona-hippy-carnivoras-house\/wp-json\/wp\/v2\/pages\/83","targetHints":{"allow":["GET"]}}],"collection":[{"href":"https:\/\/hippy-carnivoras-house.com\/plantas-carnivoras-barcelona-hippy-carnivoras-house\/wp-json\/wp\/v2\/pages"}],"about":[{"href":"https:\/\/hippy-carnivoras-house.com\/plantas-carnivoras-barcelona-hippy-carnivoras-house\/wp-json\/wp\/v2\/types\/page"}],"author":[{"embeddable":true,"href":"https:\/\/hippy-carnivoras-house.com\/plantas-carnivoras-barcelona-hippy-carnivoras-house\/wp-json\/wp\/v2\/users\/1"}],"replies":[{"embeddable":true,"href":"https:\/\/hippy-carnivoras-house.com\/plantas-carnivoras-barcelona-hippy-carnivoras-house\/wp-json\/wp\/v2\/comments?post=83"}],"version-history":[{"count":52,"href":"https:\/\/hippy-carnivoras-house.com\/plantas-carnivoras-barcelona-hippy-carnivoras-house\/wp-json\/wp\/v2\/pages\/83\/revisions"}],"predecessor-version":[{"id":4650,"href":"https:\/\/hippy-carnivoras-house.com\/plantas-carnivoras-barcelona-hippy-carnivoras-house\/wp-json\/wp\/v2\/pages\/83\/revisions\/4650"}],"wp:attachment":[{"href":"https:\/\/hippy-carnivoras-house.com\/plantas-carnivoras-barcelona-hippy-carnivoras-house\/wp-json\/wp\/v2\/media?parent=83"}],"curies":[{"name":"wp","href":"https:\/\/api.w.org\/{rel}","templated":true}]}}